{"id":170,"date":"2021-02-07T18:42:40","date_gmt":"2021-02-07T18:42:40","guid":{"rendered":"https:\/\/www.xn--staldtanges-qgb.dk\/?page_id=170"},"modified":"2024-07-23T10:48:07","modified_gmt":"2024-07-23T10:48:07","slug":"opstalding","status":"publish","type":"page","link":"https:\/\/www.xn--staldtanges-qgb.dk\/?page_id=170","title":{"rendered":"Opstalding"},"content":{"rendered":"\n<p>Inkluderet i standardprisen p\u00e5 1.900 kr. for 3\u00e9r ponyer og 2.400 kr. for \u00f8vrige pr. m\u00e5ned. <\/p>\n\n\n\n<ul class=\"wp-block-list\">\n<li>Wrap 2 gange dagligt og evt. spisehalm 1 gang dagligt<\/li>\n\n\n\n<li>2 poser tr\u00e6piller om ugen <\/li>\n\n\n\n<li>Ud- og indlukning i hverdage (turnus i weekend og helligdage)<\/li>\n\n\n\n<li>Depositum svarende til 1 m\u00e5neds opstaldning<\/li>\n<\/ul>\n\n\n\n<p>Tilk\u00f8b:<\/p>\n\n\n\n<ul class=\"wp-block-list\">\n<li>Opstart af boks: 500 kr.<\/li>\n\n\n\n<li>Udmugning\/pasning af boks; 500 kr. pr. mdr. \/ 125 kr. pr. uge<\/li>\n\n\n\n<li>Klokker eller gamacher p\u00e5 eller af: 75 kr.\/mdr.<\/li>\n\n\n\n<li>D\u00e6kken af eller p\u00e5: 150 kr.\/mdr.<\/li>\n\n\n\n<li>Fritagelse for weekend ud- og indlukning: 400 kr.\/mdr. <\/li>\n\n\n\n<li>Wrap p\u00e5 fold: 3,50 kr. pr. kg<\/li>\n\n\n\n<li>Ekstra tr\u00e6piller: 50 kr. pr. pose<\/li>\n\n\n\n<li>Foder (Pavo BasicPlus): 11 kr. pr. kg.<\/li>\n\n\n\n<li>Undervisning eller ridning af hest: Efter n\u00e6rmere aftale <\/li>\n<\/ul>\n","protected":false},"excerpt":{"rendered":"<p>Inkluderet i standardprisen p\u00e5 1.900 kr. for 3\u00e9r ponyer og 2.400 kr. for \u00f8vrige pr. m\u00e5ned. Tilk\u00f8b:<\/p>\n","protected":false},"author":1,"featured_media":0,"parent":0,"menu_order":0,"comment_status":"closed","ping_status":"closed","template":"","meta":{"footnotes":""},"class_list":["post-170","page","type-page","status-publish","hentry"],"_links":{"self":[{"href":"https:\/\/www.xn--staldtanges-qgb.dk\/index.php?rest_route=\/wp\/v2\/pages\/170","targetHints":{"allow":["GET"]}}],"collection":[{"href":"https:\/\/www.xn--staldtanges-qgb.dk\/index.php?rest_route=\/wp\/v2\/pages"}],"about":[{"href":"https:\/\/www.xn--staldtanges-qgb.dk\/index.php?rest_route=\/wp\/v2\/types\/page"}],"author":[{"embeddable":true,"href":"https:\/\/www.xn--staldtanges-qgb.dk\/index.php?rest_route=\/wp\/v2\/users\/1"}],"replies":[{"embeddable":true,"href":"https:\/\/www.xn--staldtanges-qgb.dk\/index.php?rest_route=%2Fwp%2Fv2%2Fcomments&post=170"}],"version-history":[{"count":9,"href":"https:\/\/www.xn--staldtanges-qgb.dk\/index.php?rest_route=\/wp\/v2\/pages\/170\/revisions"}],"predecessor-version":[{"id":236,"href":"https:\/\/www.xn--staldtanges-qgb.dk\/index.php?rest_route=\/wp\/v2\/pages\/170\/revisions\/236"}],"wp:attachment":[{"href":"https:\/\/www.xn--staldtanges-qgb.dk\/index.php?rest_route=%2Fwp%2Fv2%2Fmedia&parent=170"}],"curies":[{"name":"wp","href":"https:\/\/api.w.org\/{rel}","templated":true}]}}