{"id":7,"date":"2020-10-25T15:24:34","date_gmt":"2020-10-25T15:24:34","guid":{"rendered":"https:\/\/www.xn--staldtanges-qgb.dk\/?page_id=7"},"modified":"2024-07-23T11:12:42","modified_gmt":"2024-07-23T11:12:42","slug":"om","status":"publish","type":"page","link":"https:\/\/www.xn--staldtanges-qgb.dk\/?page_id=7","title":{"rendered":"<span style=\"color:#0d1277\" class=\"has-inline-color\">Om Stald Tange S\u00f8<\/span>"},"content":{"rendered":"\n<p><span style=\"color:#0d1277\" class=\"has-inline-color\">Stald Tange S\u00f8 tilbyder gode rammer for dig og din hest. <\/span><\/p>\n\n\n\n<p><span style=\"color:#0d1277\" class=\"has-inline-color\">Udend\u00f8rs hel\u00e5rsbane fra 2024 p\u00e5 20 x 60 . Ridehal p\u00e5 20&#215;40 med walberbund og spejlv\u00e6g. Gode turmuligheder<\/span>.<\/p>\n\n\n\n<p><span style=\"color:#0d1277\" class=\"has-inline-color\">Stor lys stald med h\u00f8jt til loftet og store bokse med vinduer.<\/span><\/p>\n\n\n\n<p><span style=\"color:#0d1277\" class=\"has-inline-color\">Mange gode folde med nyt hegn fra Poda opsat i 2024 og god str\u00f8m i. <\/span><\/p>\n\n\n\n<p><span style=\"color:#0d1277\" class=\"has-inline-color\">Der er foderautomater i alle boks<\/span>e. <\/p>\n\n\n\n<p><span style=\"color:#0d1277\" class=\"has-inline-color\">Vaskeplads med varmt vand.<\/span><\/p>\n\n\n\n<p><span style=\"color:#0d1277\" class=\"has-inline-color\">Professionel videooverv\u00e5gning<\/span>.<\/p>\n\n\n\n<p><span style=\"color:#0d1277\" class=\"has-inline-color\">Ring n\u00e6rmere om muligheder for undervisning og  ridning af hest. <\/span><br><span style=\"color:#0d1277\" class=\"has-inline-color\"><a href=\"https:\/\/www.xn--staldtanges-qgb.dk\/?page_id=8\" data-type=\"page\" data-id=\"8\">Kontakt<\/a><\/span><\/p>\n\n\n\n<p><\/p>\n\n\n\n<p><\/p>\n\n\n\n<p><\/p>\n\n\n\n<p><\/p>\n\n\n\n<p><\/p>\n","protected":false},"excerpt":{"rendered":"<p>Stald Tange S\u00f8 tilbyder gode rammer for dig og din hest. Udend\u00f8rs hel\u00e5rsbane fra 2024 p\u00e5 20 x 60 . Ridehal p\u00e5 20&#215;40 med walberbund og spejlv\u00e6g. Gode turmuligheder. Stor lys stald med h\u00f8jt til loftet og store bokse med vinduer. Mange gode folde med nyt hegn fra Poda opsat i 2024 og god str\u00f8m<a class=\"more-link\" href=\"https:\/\/www.xn--staldtanges-qgb.dk\/?page_id=7\">L\u00e6s videre <span class=\"meta-nav\">&rarr;<\/span><\/a><\/p>\n","protected":false},"author":1,"featured_media":0,"parent":0,"menu_order":0,"comment_status":"closed","ping_status":"closed","template":"","meta":{"footnotes":""},"class_list":["post-7","page","type-page","status-publish","hentry"],"_links":{"self":[{"href":"https:\/\/www.xn--staldtanges-qgb.dk\/index.php?rest_route=\/wp\/v2\/pages\/7","targetHints":{"allow":["GET"]}}],"collection":[{"href":"https:\/\/www.xn--staldtanges-qgb.dk\/index.php?rest_route=\/wp\/v2\/pages"}],"about":[{"href":"https:\/\/www.xn--staldtanges-qgb.dk\/index.php?rest_route=\/wp\/v2\/types\/page"}],"author":[{"embeddable":true,"href":"https:\/\/www.xn--staldtanges-qgb.dk\/index.php?rest_route=\/wp\/v2\/users\/1"}],"replies":[{"embeddable":true,"href":"https:\/\/www.xn--staldtanges-qgb.dk\/index.php?rest_route=%2Fwp%2Fv2%2Fcomments&post=7"}],"version-history":[{"count":8,"href":"https:\/\/www.xn--staldtanges-qgb.dk\/index.php?rest_route=\/wp\/v2\/pages\/7\/revisions"}],"predecessor-version":[{"id":239,"href":"https:\/\/www.xn--staldtanges-qgb.dk\/index.php?rest_route=\/wp\/v2\/pages\/7\/revisions\/239"}],"wp:attachment":[{"href":"https:\/\/www.xn--staldtanges-qgb.dk\/index.php?rest_route=%2Fwp%2Fv2%2Fmedia&parent=7"}],"curies":[{"name":"wp","href":"https:\/\/api.w.org\/{rel}","templated":true}]}}